{"id":41,"date":"2023-02-20T15:20:18","date_gmt":"2023-02-20T15:20:18","guid":{"rendered":"https:\/\/www.ulrichripkens.com\/?page_id=41"},"modified":"2023-03-22T09:44:02","modified_gmt":"2023-03-22T09:44:02","slug":"servietten-mit-werbedruck","status":"publish","type":"page","link":"https:\/\/www.ulrichripkens.com\/?page_id=41","title":{"rendered":"Servietten mit Werbedruck"},"content":{"rendered":"\n<div class=\"wp-block-group is-vertical is-layout-flex wp-container-core-group-is-layout-8cf370e7 wp-block-group-is-layout-flex\">\n<p>Zelltuch 33\/3- lagig<\/p>\n\n\n\n<p>1- bis 4-farbig bedruckt<\/p>\n\n\n\n<p>Im Flexo-Rollendruck oder Digitaldruck &#8211;<\/p>\n\n\n\n<p>wei\u00df, mit Randpr\u00e4gung, Format offen 33 x 33 cm, 1\/4 Falz ca. 16,5 x 16,5 cm<\/p>\n\n\n\n<p>oder 1\/8 Falz ca. 8,25 x 16,5 cm,<\/p>\n\n\n\n<p>max. Druckfl\u00e4che bis 1\/1 Format mit\/ohne Wei\u00dfrand.<\/p>\n\n\n\n<p>Zelltuch 24\/3- lagig<\/p>\n\n\n\n<p>1- bis 4-farbig bedruckt im Flexo-Rollendruck &#8211;<\/p>\n\n\n\n<p>wei\u00df, mit Randpr\u00e4gung,<\/p>\n\n\n\n<p>Format offen 24 x 24 cm, 1\/4 Falz ca. 12 x 12 cm,<\/p>\n\n\n\n<p>max. Druckfl\u00e4che bis 1\/1 Format mit \/ ohne Wei\u00dfrand.<\/p>\n\n\n\n<p>Zelltuch 40\/3- lagig<\/p>\n\n\n\n<p>1- bis 4-farbig bedruckt im Flexo-Rollendruck &#8211;<\/p>\n\n\n\n<p>wei\u00df, mit Randpr\u00e4gung, Format of fen 40 x 40 cm, 1\/4 Falz ca. 20 x 20 cm<\/p>\n\n\n\n<p>oder 1\/8 Falz ca. 10 x 20 cm, max. Druckfl\u00e4che bis 1\/1 Format mit\/ohne Wei\u00dfrand.<\/p>\n\n\n\n<p>Airlaid-Servietten<\/p>\n\n\n\n<p>Hochwertig \u00b7 edel \u00b7 samtartige Haptik<\/p>\n\n\n\n<p>Eine leichte Strukturpr\u00e4gung gibt dieser Serviette ihr textil\u00e4hnliches Aussehen<\/p>\n\n\n\n<p>und den Charakter eines Baumwolltuches.<\/p>\n\n\n\n<p>Die feine Pr\u00e4gung sorgt f\u00fcr gute Bedruckbarkeit und erm\u00f6glicht auch filigrane Werbedrucke.<\/p>\n\n\n\n<p>Airlaid 24 x 24 cm<\/p>\n\n\n\n<p>1- bis 3-farbig bedruckt &#8211; Flexodruck &#8211;<\/p>\n\n\n\n<p>wei\u00df, ca. 12 x 12 cm im 1\/4 Falz,<\/p>\n\n\n\n<p>max. Druckfl\u00e4che bis 1\/1 Format<\/p>\n\n\n\n<p>mit\/ohne Wei\u00dfrand.<\/p>\n\n\n\n<p>Airlaid 40 x 40 cm<\/p>\n\n\n\n<p>1- bis 4-farbig bedruckt &#8211; Flexodruck &#8211;<\/p>\n\n\n\n<p>wei\u00df, ca. 20 x 20 cm im 1\/4 Falz<\/p>\n\n\n\n<p>oder ca. 10 x 20 cm im 1\/8 Falz,<\/p>\n\n\n\n<p>max. Druckfl\u00e4che bis 1\/1 Format<\/p>\n\n\n\n<p>mit\/ohne Wei\u00dfrand.<\/p>\n\n\n\n<p>Airlaid 33 x 33 cm<\/p>\n\n\n\n<p>1- bis 4-farbig bedruckt<\/p>\n\n\n\n<p>&#8211; Flexodruck, Digitaldruck &#8211;<\/p>\n\n\n\n<p>wei\u00df, ca. 16,5 x 16,5 cm im 1\/4 Falz<\/p>\n\n\n\n<p>oder ca. 8,25 x 16,5 cm im 1\/8 Falz,<\/p>\n\n\n\n<p>max. Druckfl\u00e4che bis 1\/1 Format<\/p>\n\n\n\n<p>mit\/ohne Wei\u00dfrand.<\/p>\n\n\n\n<p>als Bestecktasche offen ca. 33 x 40 cm,<\/p>\n\n\n\n<p>geschl. ca. 8,5 x 21 cm<\/p>\n\n\n\n<p>Weitere lieferbare Formate<\/p>\n\n\n\n<p>1- bis 3-farbig bedruckt &#8211; Flexodruck &#8211;<\/p>\n\n\n\n<p>wei\u00df, 18 x 24 cm, ca. 9 x12 cm im 1\/4 Falz,<\/p>\n\n\n\n<p>wei\u00df, 20 x 20 cm, ca. 10 x20 cm im 1\/2 Falz<\/p>\n\n\n\n<p>1- bis 4-farbig bedruckt &#8211; Flexodruck &#8211;<\/p>\n\n\n\n<p>wei\u00df, 24 x 40 cm, ca. 12 x20 cm im 1\/4 Falz,<\/p>\n\n\n\n<p>wei\u00df, 33 x 40 cm, ca. 8,25 x20 cm im 1\/8 Falz<\/p>\n<\/div>\n\n\n\n<figure class=\"wp-block-gallery has-nested-images columns-default is-cropped wp-block-gallery-1 is-layout-flex wp-block-gallery-is-layout-flex\">\n<figure class=\"wp-block-image size-large\"><img loading=\"lazy\" decoding=\"async\" width=\"595\" height=\"842\" data-id=\"291\" src=\"https:\/\/www.ulrichripkens.com\/wp-content\/uploads\/2023\/02\/Standskizze_airlaid2440.jpg\" alt=\"\" class=\"wp-image-291\" srcset=\"https:\/\/www.ulrichripkens.com\/wp-content\/uploads\/2023\/02\/Standskizze_airlaid2440.jpg 595w, https:\/\/www.ulrichripkens.com\/wp-content\/uploads\/2023\/02\/Standskizze_airlaid2440-212x300.jpg 212w, https:\/\/www.ulrichripkens.com\/wp-content\/uploads\/2023\/02\/Standskizze_airlaid2440-375x531.jpg 375w\" sizes=\"auto, (max-width: 595px) 100vw, 595px\" \/><\/figure>\n\n\n\n<figure class=\"wp-block-image size-large\"><img loading=\"lazy\" decoding=\"async\" width=\"595\" height=\"842\" data-id=\"290\" src=\"https:\/\/www.ulrichripkens.com\/wp-content\/uploads\/2023\/02\/Standskizze_airlaid40_1_8.jpg\" alt=\"\" class=\"wp-image-290\" srcset=\"https:\/\/www.ulrichripkens.com\/wp-content\/uploads\/2023\/02\/Standskizze_airlaid40_1_8.jpg 595w, https:\/\/www.ulrichripkens.com\/wp-content\/uploads\/2023\/02\/Standskizze_airlaid40_1_8-212x300.jpg 212w, https:\/\/www.ulrichripkens.com\/wp-content\/uploads\/2023\/02\/Standskizze_airlaid40_1_8-375x531.jpg 375w\" sizes=\"auto, (max-width: 595px) 100vw, 595px\" \/><\/figure>\n\n\n\n<figure class=\"wp-block-image size-large\"><img loading=\"lazy\" decoding=\"async\" width=\"595\" height=\"842\" data-id=\"289\" src=\"https:\/\/www.ulrichripkens.com\/wp-content\/uploads\/2023\/02\/Standskizze_airlaid40.jpg\" alt=\"\" class=\"wp-image-289\" srcset=\"https:\/\/www.ulrichripkens.com\/wp-content\/uploads\/2023\/02\/Standskizze_airlaid40.jpg 595w, https:\/\/www.ulrichripkens.com\/wp-content\/uploads\/2023\/02\/Standskizze_airlaid40-212x300.jpg 212w, https:\/\/www.ulrichripkens.com\/wp-content\/uploads\/2023\/02\/Standskizze_airlaid40-375x531.jpg 375w\" sizes=\"auto, (max-width: 595px) 100vw, 595px\" \/><\/figure>\n\n\n\n<figure class=\"wp-block-image size-large\"><img loading=\"lazy\" decoding=\"async\" width=\"595\" height=\"842\" data-id=\"288\" src=\"https:\/\/www.ulrichripkens.com\/wp-content\/uploads\/2023\/02\/Standskizze_airlaid33_1_8.jpg\" alt=\"\" class=\"wp-image-288\" srcset=\"https:\/\/www.ulrichripkens.com\/wp-content\/uploads\/2023\/02\/Standskizze_airlaid33_1_8.jpg 595w, https:\/\/www.ulrichripkens.com\/wp-content\/uploads\/2023\/02\/Standskizze_airlaid33_1_8-212x300.jpg 212w, https:\/\/www.ulrichripkens.com\/wp-content\/uploads\/2023\/02\/Standskizze_airlaid33_1_8-375x531.jpg 375w\" sizes=\"auto, (max-width: 595px) 100vw, 595px\" \/><\/figure>\n\n\n\n<figure class=\"wp-block-image size-large\"><img loading=\"lazy\" decoding=\"async\" width=\"595\" height=\"842\" data-id=\"287\" src=\"https:\/\/www.ulrichripkens.com\/wp-content\/uploads\/2023\/02\/Standskizze_airlaid33.jpg\" alt=\"\" class=\"wp-image-287\" srcset=\"https:\/\/www.ulrichripkens.com\/wp-content\/uploads\/2023\/02\/Standskizze_airlaid33.jpg 595w, https:\/\/www.ulrichripkens.com\/wp-content\/uploads\/2023\/02\/Standskizze_airlaid33-212x300.jpg 212w, https:\/\/www.ulrichripkens.com\/wp-content\/uploads\/2023\/02\/Standskizze_airlaid33-375x531.jpg 375w\" sizes=\"auto, (max-width: 595px) 100vw, 595px\" \/><\/figure>\n\n\n\n<figure class=\"wp-block-image size-large\"><img loading=\"lazy\" decoding=\"async\" width=\"595\" height=\"842\" data-id=\"286\" src=\"https:\/\/www.ulrichripkens.com\/wp-content\/uploads\/2023\/02\/Standskizze_airlaid24.jpg\" alt=\"\" class=\"wp-image-286\" srcset=\"https:\/\/www.ulrichripkens.com\/wp-content\/uploads\/2023\/02\/Standskizze_airlaid24.jpg 595w, https:\/\/www.ulrichripkens.com\/wp-content\/uploads\/2023\/02\/Standskizze_airlaid24-212x300.jpg 212w, https:\/\/www.ulrichripkens.com\/wp-content\/uploads\/2023\/02\/Standskizze_airlaid24-375x531.jpg 375w\" sizes=\"auto, (max-width: 595px) 100vw, 595px\" \/><\/figure>\n\n\n\n<figure class=\"wp-block-image size-large\"><img loading=\"lazy\" decoding=\"async\" width=\"595\" height=\"842\" data-id=\"285\" src=\"https:\/\/www.ulrichripkens.com\/wp-content\/uploads\/2023\/02\/Standskizze_airlaid20.jpg\" alt=\"\" class=\"wp-image-285\" srcset=\"https:\/\/www.ulrichripkens.com\/wp-content\/uploads\/2023\/02\/Standskizze_airlaid20.jpg 595w, https:\/\/www.ulrichripkens.com\/wp-content\/uploads\/2023\/02\/Standskizze_airlaid20-212x300.jpg 212w, https:\/\/www.ulrichripkens.com\/wp-content\/uploads\/2023\/02\/Standskizze_airlaid20-375x531.jpg 375w\" sizes=\"auto, (max-width: 595px) 100vw, 595px\" \/><\/figure>\n\n\n\n<figure class=\"wp-block-image size-large\"><img loading=\"lazy\" decoding=\"async\" width=\"595\" height=\"842\" data-id=\"283\" src=\"https:\/\/www.ulrichripkens.com\/wp-content\/uploads\/2023\/02\/Standskizze_40er_1_8Falz_neutral.jpg\" alt=\"\" class=\"wp-image-283\" srcset=\"https:\/\/www.ulrichripkens.com\/wp-content\/uploads\/2023\/02\/Standskizze_40er_1_8Falz_neutral.jpg 595w, https:\/\/www.ulrichripkens.com\/wp-content\/uploads\/2023\/02\/Standskizze_40er_1_8Falz_neutral-212x300.jpg 212w, https:\/\/www.ulrichripkens.com\/wp-content\/uploads\/2023\/02\/Standskizze_40er_1_8Falz_neutral-375x531.jpg 375w\" sizes=\"auto, (max-width: 595px) 100vw, 595px\" \/><\/figure>\n\n\n\n<figure class=\"wp-block-image size-large\"><img loading=\"lazy\" decoding=\"async\" width=\"595\" height=\"842\" data-id=\"284\" src=\"https:\/\/www.ulrichripkens.com\/wp-content\/uploads\/2023\/02\/Standskizze_40er_aufgefaltete-Ansicht_neutral.jpg\" alt=\"\" class=\"wp-image-284\" srcset=\"https:\/\/www.ulrichripkens.com\/wp-content\/uploads\/2023\/02\/Standskizze_40er_aufgefaltete-Ansicht_neutral.jpg 595w, https:\/\/www.ulrichripkens.com\/wp-content\/uploads\/2023\/02\/Standskizze_40er_aufgefaltete-Ansicht_neutral-212x300.jpg 212w, https:\/\/www.ulrichripkens.com\/wp-content\/uploads\/2023\/02\/Standskizze_40er_aufgefaltete-Ansicht_neutral-375x531.jpg 375w\" sizes=\"auto, (max-width: 595px) 100vw, 595px\" \/><\/figure>\n\n\n\n<figure class=\"wp-block-image size-large\"><img loading=\"lazy\" decoding=\"async\" width=\"595\" height=\"842\" data-id=\"282\" src=\"https:\/\/www.ulrichripkens.com\/wp-content\/uploads\/2023\/02\/Standskizze_40er_1_4Falz_neutral.jpg\" alt=\"\" class=\"wp-image-282\" srcset=\"https:\/\/www.ulrichripkens.com\/wp-content\/uploads\/2023\/02\/Standskizze_40er_1_4Falz_neutral.jpg 595w, https:\/\/www.ulrichripkens.com\/wp-content\/uploads\/2023\/02\/Standskizze_40er_1_4Falz_neutral-212x300.jpg 212w, https:\/\/www.ulrichripkens.com\/wp-content\/uploads\/2023\/02\/Standskizze_40er_1_4Falz_neutral-375x531.jpg 375w\" sizes=\"auto, (max-width: 595px) 100vw, 595px\" \/><\/figure>\n\n\n\n<figure class=\"wp-block-image size-large\"><img loading=\"lazy\" decoding=\"async\" width=\"595\" height=\"842\" data-id=\"281\" src=\"https:\/\/www.ulrichripkens.com\/wp-content\/uploads\/2023\/02\/Standskizze_40er_1_4Falz_Airlaid_neutral.jpg\" alt=\"\" class=\"wp-image-281\" srcset=\"https:\/\/www.ulrichripkens.com\/wp-content\/uploads\/2023\/02\/Standskizze_40er_1_4Falz_Airlaid_neutral.jpg 595w, https:\/\/www.ulrichripkens.com\/wp-content\/uploads\/2023\/02\/Standskizze_40er_1_4Falz_Airlaid_neutral-212x300.jpg 212w, https:\/\/www.ulrichripkens.com\/wp-content\/uploads\/2023\/02\/Standskizze_40er_1_4Falz_Airlaid_neutral-375x531.jpg 375w\" sizes=\"auto, (max-width: 595px) 100vw, 595px\" \/><\/figure>\n\n\n\n<figure class=\"wp-block-image size-large\"><img loading=\"lazy\" decoding=\"async\" width=\"595\" height=\"842\" data-id=\"280\" src=\"https:\/\/www.ulrichripkens.com\/wp-content\/uploads\/2023\/02\/Standskizze_33er_airlaid.jpg\" alt=\"\" class=\"wp-image-280\" srcset=\"https:\/\/www.ulrichripkens.com\/wp-content\/uploads\/2023\/02\/Standskizze_33er_airlaid.jpg 595w, https:\/\/www.ulrichripkens.com\/wp-content\/uploads\/2023\/02\/Standskizze_33er_airlaid-212x300.jpg 212w, https:\/\/www.ulrichripkens.com\/wp-content\/uploads\/2023\/02\/Standskizze_33er_airlaid-375x531.jpg 375w\" sizes=\"auto, (max-width: 595px) 100vw, 595px\" \/><\/figure>\n\n\n\n<figure class=\"wp-block-image size-large\"><img loading=\"lazy\" decoding=\"async\" width=\"595\" height=\"842\" data-id=\"279\" src=\"https:\/\/www.ulrichripkens.com\/wp-content\/uploads\/2023\/02\/Standskizze_33er_1_8Falz_neutral.jpg\" alt=\"\" class=\"wp-image-279\" srcset=\"https:\/\/www.ulrichripkens.com\/wp-content\/uploads\/2023\/02\/Standskizze_33er_1_8Falz_neutral.jpg 595w, https:\/\/www.ulrichripkens.com\/wp-content\/uploads\/2023\/02\/Standskizze_33er_1_8Falz_neutral-212x300.jpg 212w, https:\/\/www.ulrichripkens.com\/wp-content\/uploads\/2023\/02\/Standskizze_33er_1_8Falz_neutral-375x531.jpg 375w\" sizes=\"auto, (max-width: 595px) 100vw, 595px\" \/><\/figure>\n\n\n\n<figure class=\"wp-block-image size-large\"><img loading=\"lazy\" decoding=\"async\" width=\"595\" height=\"842\" data-id=\"278\" src=\"https:\/\/www.ulrichripkens.com\/wp-content\/uploads\/2023\/02\/Standskizze_33er_1_8Falz_aufgefaltete-Ansicht_neutral.jpg\" alt=\"\" class=\"wp-image-278\" srcset=\"https:\/\/www.ulrichripkens.com\/wp-content\/uploads\/2023\/02\/Standskizze_33er_1_8Falz_aufgefaltete-Ansicht_neutral.jpg 595w, https:\/\/www.ulrichripkens.com\/wp-content\/uploads\/2023\/02\/Standskizze_33er_1_8Falz_aufgefaltete-Ansicht_neutral-212x300.jpg 212w, https:\/\/www.ulrichripkens.com\/wp-content\/uploads\/2023\/02\/Standskizze_33er_1_8Falz_aufgefaltete-Ansicht_neutral-375x531.jpg 375w\" sizes=\"auto, (max-width: 595px) 100vw, 595px\" \/><\/figure>\n\n\n\n<figure class=\"wp-block-image size-large\"><img loading=\"lazy\" decoding=\"async\" width=\"595\" height=\"842\" data-id=\"277\" src=\"https:\/\/www.ulrichripkens.com\/wp-content\/uploads\/2023\/02\/Standskizze_33er_1_4Falz_neutral.jpg\" alt=\"\" class=\"wp-image-277\" srcset=\"https:\/\/www.ulrichripkens.com\/wp-content\/uploads\/2023\/02\/Standskizze_33er_1_4Falz_neutral.jpg 595w, https:\/\/www.ulrichripkens.com\/wp-content\/uploads\/2023\/02\/Standskizze_33er_1_4Falz_neutral-212x300.jpg 212w, https:\/\/www.ulrichripkens.com\/wp-content\/uploads\/2023\/02\/Standskizze_33er_1_4Falz_neutral-375x531.jpg 375w\" sizes=\"auto, (max-width: 595px) 100vw, 595px\" \/><\/figure>\n\n\n\n<figure class=\"wp-block-image size-large\"><img loading=\"lazy\" decoding=\"async\" width=\"595\" height=\"842\" data-id=\"276\" src=\"https:\/\/www.ulrichripkens.com\/wp-content\/uploads\/2023\/02\/Standskizze_33er_1_4Falz_aufgefaltete-Ansicht_neutral.jpg\" alt=\"\" class=\"wp-image-276\" srcset=\"https:\/\/www.ulrichripkens.com\/wp-content\/uploads\/2023\/02\/Standskizze_33er_1_4Falz_aufgefaltete-Ansicht_neutral.jpg 595w, https:\/\/www.ulrichripkens.com\/wp-content\/uploads\/2023\/02\/Standskizze_33er_1_4Falz_aufgefaltete-Ansicht_neutral-212x300.jpg 212w, https:\/\/www.ulrichripkens.com\/wp-content\/uploads\/2023\/02\/Standskizze_33er_1_4Falz_aufgefaltete-Ansicht_neutral-375x531.jpg 375w\" sizes=\"auto, (max-width: 595px) 100vw, 595px\" \/><\/figure>\n\n\n\n<figure class=\"wp-block-image size-large\"><img loading=\"lazy\" decoding=\"async\" width=\"595\" height=\"842\" data-id=\"275\" src=\"https:\/\/www.ulrichripkens.com\/wp-content\/uploads\/2023\/02\/Standskizze_24x24cm_1_4Falz_neutral.jpg\" alt=\"\" class=\"wp-image-275\" srcset=\"https:\/\/www.ulrichripkens.com\/wp-content\/uploads\/2023\/02\/Standskizze_24x24cm_1_4Falz_neutral.jpg 595w, https:\/\/www.ulrichripkens.com\/wp-content\/uploads\/2023\/02\/Standskizze_24x24cm_1_4Falz_neutral-212x300.jpg 212w, https:\/\/www.ulrichripkens.com\/wp-content\/uploads\/2023\/02\/Standskizze_24x24cm_1_4Falz_neutral-375x531.jpg 375w\" sizes=\"auto, (max-width: 595px) 100vw, 595px\" \/><\/figure>\n\n\n\n<figure class=\"wp-block-image size-large\"><img loading=\"lazy\" decoding=\"async\" width=\"595\" height=\"842\" data-id=\"274\" src=\"https:\/\/www.ulrichripkens.com\/wp-content\/uploads\/2023\/02\/Standskizze_24er_airlaid.jpg\" alt=\"\" class=\"wp-image-274\" srcset=\"https:\/\/www.ulrichripkens.com\/wp-content\/uploads\/2023\/02\/Standskizze_24er_airlaid.jpg 595w, https:\/\/www.ulrichripkens.com\/wp-content\/uploads\/2023\/02\/Standskizze_24er_airlaid-212x300.jpg 212w, https:\/\/www.ulrichripkens.com\/wp-content\/uploads\/2023\/02\/Standskizze_24er_airlaid-375x531.jpg 375w\" sizes=\"auto, (max-width: 595px) 100vw, 595px\" \/><\/figure>\n\n\n\n<figure class=\"wp-block-image size-large\"><img loading=\"lazy\" decoding=\"async\" width=\"595\" height=\"842\" data-id=\"273\" src=\"https:\/\/www.ulrichripkens.com\/wp-content\/uploads\/2023\/02\/Standskizze_24er_1_4Falz_aufgefaltete-Ansicht_neutral.jpg\" alt=\"\" class=\"wp-image-273\" srcset=\"https:\/\/www.ulrichripkens.com\/wp-content\/uploads\/2023\/02\/Standskizze_24er_1_4Falz_aufgefaltete-Ansicht_neutral.jpg 595w, https:\/\/www.ulrichripkens.com\/wp-content\/uploads\/2023\/02\/Standskizze_24er_1_4Falz_aufgefaltete-Ansicht_neutral-212x300.jpg 212w, https:\/\/www.ulrichripkens.com\/wp-content\/uploads\/2023\/02\/Standskizze_24er_1_4Falz_aufgefaltete-Ansicht_neutral-375x531.jpg 375w\" sizes=\"auto, (max-width: 595px) 100vw, 595px\" \/><\/figure>\n\n\n\n<figure class=\"wp-block-image size-large\"><img loading=\"lazy\" decoding=\"async\" width=\"595\" height=\"842\" data-id=\"271\" src=\"https:\/\/www.ulrichripkens.com\/wp-content\/uploads\/2023\/02\/Standskizze_airlaid3340.jpg\" alt=\"\" class=\"wp-image-271\" srcset=\"https:\/\/www.ulrichripkens.com\/wp-content\/uploads\/2023\/02\/Standskizze_airlaid3340.jpg 595w, https:\/\/www.ulrichripkens.com\/wp-content\/uploads\/2023\/02\/Standskizze_airlaid3340-212x300.jpg 212w, https:\/\/www.ulrichripkens.com\/wp-content\/uploads\/2023\/02\/Standskizze_airlaid3340-375x531.jpg 375w\" sizes=\"auto, (max-width: 595px) 100vw, 595px\" \/><\/figure>\n<\/figure>\n","protected":false},"excerpt":{"rendered":"<p>Zelltuch 33\/3- lagig 1- bis 4-farbig bedruckt Im Flexo-Rollendruck oder Digitaldruck &#8211; wei\u00df, mit Randpr\u00e4gung, Format offen 33 x 33 cm, 1\/4 Falz ca. 16,5 x 16,5 cm oder 1\/8 Falz ca. 8,25 x 16,5 cm, max. Druckfl\u00e4che bis 1\/1 Format mit\/ohne Wei\u00dfrand. Zelltuch 24\/3- lagig 1- bis 4-farbig bedruckt im Flexo-Rollendruck &#8211; wei\u00df, mit &hellip; <a href=\"https:\/\/www.ulrichripkens.com\/?page_id=41\" class=\"more-link\"><span class=\"screen-reader-text\">Servietten mit Werbedruck<\/span> weiterlesen <span class=\"meta-nav\">&rarr;<\/span><\/a><\/p>\n","protected":false},"author":1,"featured_media":0,"parent":0,"menu_order":0,"comment_status":"closed","ping_status":"closed","template":"","meta":{"footnotes":""},"class_list":["post-41","page","type-page","status-publish","hentry"],"_links":{"self":[{"href":"https:\/\/www.ulrichripkens.com\/index.php?rest_route=\/wp\/v2\/pages\/41","targetHints":{"allow":["GET"]}}],"collection":[{"href":"https:\/\/www.ulrichripkens.com\/index.php?rest_route=\/wp\/v2\/pages"}],"about":[{"href":"https:\/\/www.ulrichripkens.com\/index.php?rest_route=\/wp\/v2\/types\/page"}],"author":[{"embeddable":true,"href":"https:\/\/www.ulrichripkens.com\/index.php?rest_route=\/wp\/v2\/users\/1"}],"replies":[{"embeddable":true,"href":"https:\/\/www.ulrichripkens.com\/index.php?rest_route=%2Fwp%2Fv2%2Fcomments&post=41"}],"version-history":[{"count":5,"href":"https:\/\/www.ulrichripkens.com\/index.php?rest_route=\/wp\/v2\/pages\/41\/revisions"}],"predecessor-version":[{"id":573,"href":"https:\/\/www.ulrichripkens.com\/index.php?rest_route=\/wp\/v2\/pages\/41\/revisions\/573"}],"wp:attachment":[{"href":"https:\/\/www.ulrichripkens.com\/index.php?rest_route=%2Fwp%2Fv2%2Fmedia&parent=41"}],"curies":[{"name":"wp","href":"https:\/\/api.w.org\/{rel}","templated":true}]}}