{"id":43,"date":"2023-02-20T15:21:17","date_gmt":"2023-02-20T15:21:17","guid":{"rendered":"https:\/\/www.ulrichripkens.com\/?page_id=43"},"modified":"2023-03-22T09:44:26","modified_gmt":"2023-03-22T09:44:26","slug":"wir-ueber-uns","status":"publish","type":"page","link":"https:\/\/www.ulrichripkens.com\/?page_id=43","title":{"rendered":"Wir \u00fcber uns"},"content":{"rendered":"\n<div class=\"wp-block-group is-vertical is-layout-flex wp-container-core-group-is-layout-8cf370e7 wp-block-group-is-layout-flex\">\n<p><strong>Kreativ,&nbsp;individuell,&nbsp;pers\u00f6nlich<\/strong><\/p>\n\n\n\n<p>Ulrich Ripkens<\/p>\n\n\n\n<p><strong>GRAPH. BETRIEBE DRUCKEREI<\/strong><\/p>\n\n\n\n<p>Ihr leistungsf\u00e4higer Partner in Sachen bedruckte Packb\u00e4nder, Servietten mit Werbedruck und individuell bedruckte Absperrb\u00e4nder uvm\u2026<\/p>\n\n\n\n<p>Seit 1988 vertrauen uns Kunden aus Industrie und Mittelstand,<\/p>\n\n\n\n<p>wenn es darum geht, Tapes und Servietten in individuell gestaltete Werbebotschafter&nbsp;<\/p>\n\n\n\n<p>mit Nutzwert zu verwandeln.<\/p>\n\n\n\n<p>Und das hat viele Gr\u00fcnde:<\/p>\n\n\n\n<p>Wir sind<\/p>\n\n\n\n<p>kompetent \u00b7 kreativ \u00b7 flexibel \u00b7 qualit\u00e4tsbewusst<\/p>\n\n\n\n<p>immer offen f\u00fcr neue Ideen<\/p>\n\n\n\n<p>Mit dem Ohr am Markt und einem sicheren Blick f\u00fcr die Technik sorgen wir daf\u00fcr,<\/p>\n\n\n\n<p>dass Sie in unserem Sortiment immer genau das finden, die zu Ihnen passen.<\/p>\n\n\n\n<p>Sie sagen uns, was Sie brauchen \u2013 wir wissen, was geht und wie man es umsetzt.<\/p>\n\n\n\n<p>Wir bieten<\/p>\n\n\n\n<p>innovative Ideen \u00b7 fachliche Beratung \u00b7 aktuelle Technik<\/p>\n\n\n\n<p>gute Qualit\u00e4t \u00b7 vern\u00fcnftige Preise<\/p>\n\n\n\n<p>Satz, Druck, Verarbeitung, Verpackung und Versand erhalten Sie bei Ripkens<\/p>\n\n\n\n<p>aus einer Hand. Mit profundem Know-how in Sachen Druck, Schrift und Umsetzung<\/p>\n\n\n\n<p>arbeiten wir konsequent f\u00fcr Ihren Erfolg.<\/p>\n\n\n\n<p>Wir garantieren<\/p>\n\n\n\n<p>schnelle und unkomplizierte Abwicklung \u00b7 absolute Vorlagentreue<\/p>\n\n\n\n<p>zuverl\u00e4ssige, termingerechte Lieferung<\/p>\n\n\n\n<p>08\/15 bekommen Sie woanders \u2013 wir bei Ripkens nehmen Ihren Auftrag pers\u00f6nlich.<\/p>\n\n\n\n<p>Nur wenn Sie zufrieden sind, sind auch wir zufrieden.<\/p>\n\n\n\n<p>Jedenfalls bis zum n\u00e4chsten Auftrag.<\/p>\n\n\n\n<p>Ihr Ulrich Ripkens<\/p>\n<\/div>\n","protected":false},"excerpt":{"rendered":"<p>Kreativ,&nbsp;individuell,&nbsp;pers\u00f6nlich Ulrich Ripkens GRAPH. BETRIEBE DRUCKEREI Ihr leistungsf\u00e4higer Partner in Sachen bedruckte Packb\u00e4nder, Servietten mit Werbedruck und individuell bedruckte Absperrb\u00e4nder uvm\u2026 Seit 1988 vertrauen uns Kunden aus Industrie und Mittelstand, wenn es darum geht, Tapes und Servietten in individuell gestaltete Werbebotschafter&nbsp; mit Nutzwert zu verwandeln. Und das hat viele Gr\u00fcnde: Wir sind kompetent \u00b7 kreativ &hellip; <a href=\"https:\/\/www.ulrichripkens.com\/?page_id=43\" class=\"more-link\"><span class=\"screen-reader-text\">Wir \u00fcber uns<\/span> weiterlesen <span class=\"meta-nav\">&rarr;<\/span><\/a><\/p>\n","protected":false},"author":1,"featured_media":0,"parent":0,"menu_order":0,"comment_status":"closed","ping_status":"closed","template":"","meta":{"footnotes":""},"class_list":["post-43","page","type-page","status-publish","hentry"],"_links":{"self":[{"href":"https:\/\/www.ulrichripkens.com\/index.php?rest_route=\/wp\/v2\/pages\/43","targetHints":{"allow":["GET"]}}],"collection":[{"href":"https:\/\/www.ulrichripkens.com\/index.php?rest_route=\/wp\/v2\/pages"}],"about":[{"href":"https:\/\/www.ulrichripkens.com\/index.php?rest_route=\/wp\/v2\/types\/page"}],"author":[{"embeddable":true,"href":"https:\/\/www.ulrichripkens.com\/index.php?rest_route=\/wp\/v2\/users\/1"}],"replies":[{"embeddable":true,"href":"https:\/\/www.ulrichripkens.com\/index.php?rest_route=%2Fwp%2Fv2%2Fcomments&post=43"}],"version-history":[{"count":2,"href":"https:\/\/www.ulrichripkens.com\/index.php?rest_route=\/wp\/v2\/pages\/43\/revisions"}],"predecessor-version":[{"id":574,"href":"https:\/\/www.ulrichripkens.com\/index.php?rest_route=\/wp\/v2\/pages\/43\/revisions\/574"}],"wp:attachment":[{"href":"https:\/\/www.ulrichripkens.com\/index.php?rest_route=%2Fwp%2Fv2%2Fmedia&parent=43"}],"curies":[{"name":"wp","href":"https:\/\/api.w.org\/{rel}","templated":true}]}}